{"id":806,"date":"2021-12-25T15:58:46","date_gmt":"2021-12-25T14:58:46","guid":{"rendered":"https:\/\/balkanshaveclub.com\/?page_id=806"},"modified":"2021-12-25T15:58:48","modified_gmt":"2021-12-25T14:58:48","slug":"reklamacije-i-zamene","status":"publish","type":"page","link":"https:\/\/vicaleict.com\/balkanshave.rs\/reklamacije-i-zamene\/","title":{"rendered":"Reklamacije i Zamene"},"content":{"rendered":"\n<p>U roku 14 dana od kupovine imate mogu\u010dnost vra\u0107anja kupljenih artikala, uz to imate i pravo&nbsp; zamene artikla ili vra\u0107anja novca.<\/p>\n\n\n\n<p>Artikal koji \u017eelite vratiti ili zameniti mora biti neo\u0161te\u0107en. Vra\u0107en mora biti u originalnoj ambala\u017ei sa svom prilo\u017eenom opremom. U suprotnom slu\u010daju \u0107e biti reklamacijski zahtev odbijen ili delimi\u010dno razre\u0161en.<\/p>\n\n\n\n<p>U roku 14 dana od preuzimanja paketa u pisanom obliku obavestite da odustajete od ugovora ( preko emaila info@balkanshaveclub.com ili po\u0161te ) te nam u roku 30 dana vratite proizvod na adresu na\u0161eg magacina, isklju\u010divo POST EXPRESS-om:<\/p>\n\n\n\n<p>VICALE ICT DOO.<\/p>\n\n\n\n<p>Gospodar Jovanova 39-41.<\/p>\n\n\n\n<p>11000 Beograd.<\/p>\n\n\n\n<p>U slu\u010daju povrata novca popunite:&nbsp; <a href=\"https:\/\/forms.gle\/UGios8RjetxekzBc6\">FORMU<\/a><\/p>\n\n\n\n<p>Tro\u0161kove slanja snosi po\u0161iljalac. Po\u0161iljke sa otkupninom ne prihvatamo.<\/p>\n\n\n\n<p>U slu\u010daju, da otkazivanje ugovora u pisanom ili digitalnom obliku ne primimo u roku 14 dana od prijema po\u0161iljke, vra\u0107anje ili zamena nisu mogu\u0107i.<\/p>\n\n\n\n<p>U roku 8 radnih dana od prijema po\u0161iljke \u0107e biti artikal zamenjen ili Va\u0161 novac vra\u0107en.<\/p>\n\n\n\n<p><\/p>\n\n\n\n<h3 class=\"wp-block-heading\" id=\"h-reklamacija\">Reklamacija<\/h3>\n\n\n\n<p>U slu\u010daju da Va\u0161 artikal nije ispravan, mo\u017eete uva\u017eiti garanciju.<\/p>\n\n\n\n<p>Garancija ne va\u017ei u slu\u010daju:<\/p>\n\n\n\n<ul><li>fizi\u010dkih o\u0161te\u0107enja<\/li><li>istro\u0161enosti zbog upotrebe proizvoda<\/li><li>gre\u0161ka koje nastanu zbog pogre\u0161nog, neadekvatnog i nemarnog kori\u0161\u0107enja proizvoda<\/li><\/ul>\n\n\n\n<p>U slu\u010daju reklamacije nas pred slanje artikla obavezno kontaktirajte na na\u0161 email: info@balkanshaveclub.com<\/p>\n\n\n\n<p>Artikal mora biti vra\u0107en u originalnoj i neo\u0161te\u0107enoj ambala\u017ei sa svom opremom. U suprotnom slu\u010daju zahtev za reklamaciju \u0107e biti odbijen ili delimi\u010dno re\u0161en.<\/p>\n\n\n\n<p>U slu\u010daju reklamacije, proizvod nam po\u0161aljite na adresu magacina isklju\u010divo POST EXPRESS-om:<\/p>\n\n\n\n<p>VICALE ICT DOO.<\/p>\n\n\n\n<p>Gospodar Jovanova 39-41.<\/p>\n\n\n\n<p>11000 Beograd.<\/p>\n\n\n\n<p>U slu\u010daju povrata novca popunite:&nbsp; <a href=\"https:\/\/forms.gle\/UGios8RjetxekzBc6\">FORMU<\/a><\/p>\n\n\n\n<p>Tro\u0161kove slanja snosi po\u0161iljalac. Po\u0161iljke sa otkupninom ne prihvatamo.<\/p>\n\n\n\n<p>Reklamacija \u0107e biti re\u0161ena u roku 8 radnih dana od prijema po\u0161iljke.<\/p>\n","protected":false},"excerpt":{"rendered":"<p>U roku 14 dana od kupovine imate mogu\u010dnost vra\u0107anja kupljenih artikala, uz to imate i pravo&nbsp; zamene artikla ili vra\u0107anja novca. Artikal koji \u017eelite vratiti ili zameniti mora biti neo\u0161te\u0107en. Vra\u0107en mora biti u originalnoj ambala\u017ei sa svom prilo\u017eenom opremom. U suprotnom slu\u010daju \u0107e biti reklamacijski zahtev odbijen ili delimi\u010dno razre\u0161en. U roku 14 dana&hellip;<\/p>\n","protected":false},"author":1,"featured_media":0,"parent":0,"menu_order":0,"comment_status":"closed","ping_status":"closed","template":"","meta":{"footnotes":""},"_links":{"self":[{"href":"https:\/\/vicaleict.com\/balkanshave.rs\/wp-json\/wp\/v2\/pages\/806"}],"collection":[{"href":"https:\/\/vicaleict.com\/balkanshave.rs\/wp-json\/wp\/v2\/pages"}],"about":[{"href":"https:\/\/vicaleict.com\/balkanshave.rs\/wp-json\/wp\/v2\/types\/page"}],"author":[{"embeddable":true,"href":"https:\/\/vicaleict.com\/balkanshave.rs\/wp-json\/wp\/v2\/users\/1"}],"replies":[{"embeddable":true,"href":"https:\/\/vicaleict.com\/balkanshave.rs\/wp-json\/wp\/v2\/comments?post=806"}],"version-history":[{"count":0,"href":"https:\/\/vicaleict.com\/balkanshave.rs\/wp-json\/wp\/v2\/pages\/806\/revisions"}],"wp:attachment":[{"href":"https:\/\/vicaleict.com\/balkanshave.rs\/wp-json\/wp\/v2\/media?parent=806"}],"curies":[{"name":"wp","href":"https:\/\/api.w.org\/{rel}","templated":true}]}}