{"id":725,"date":"2021-12-17T13:57:17","date_gmt":"2021-12-17T12:57:17","guid":{"rendered":"https:\/\/balkanshaveclub.com\/?post_type=product&#038;p=725"},"modified":"2023-10-23T14:14:35","modified_gmt":"2023-10-23T13:14:35","slug":"bundle-s","status":"publish","type":"product","link":"https:\/\/vicaleict.com\/balkanshave.rs\/product\/bundle-s\/","title":{"rendered":"\u010clanarina S"},"content":{"rendered":"<h3 style=\"text-align: center;\"><strong>Balkan Shave Club prednosti<\/strong><\/h3>\n<ul style=\"text-align: center;\">\n<li style=\"text-align: left;\">Kvalitetan i pouzdan brija\u010d na va\u0161oj ku\u0107noj adresi.<\/li>\n<li style=\"text-align: left;\">Svaki mesec (\u00a0<strong>nije obavezuju\u0107e, mo\u017eete da se dogovorite sa na\u0161im operaterima <\/strong>) na ku\u0107nu adresu vam sti\u017eu nove dopune.<\/li>\n<li style=\"text-align: left;\"><strong>\u0160tedite svoje vreme i novac, <\/strong>odlaze\u0107i u prodavnicu kako bi ste kupili dopune\/patrone.<\/li>\n<\/ul>\n<p>&nbsp;<\/p>\n<h3 style=\"text-align: center;\"><strong>Sa neverovatnih \u0161est o\u0161trica<\/strong><\/h3>\n<ul style=\"text-align: center;\">\n<li style=\"text-align: left;\">\u0160est se\u010diva od &#8220;SANDVIK &#8221; \u0161vedskog ner\u0111aju\u0107eg \u010delika \u0107e vam omogu\u0107iti brijanje va\u0161eg lica i tela bez iritacije ko\u017ee.<\/li>\n<\/ul>\n<h3 style=\"text-align: center;\"><strong>Se\u010diva u paru<\/strong><\/h3>\n<ul style=\"text-align: center;\">\n<li style=\"text-align: left;\">Se\u010diva su postavljena u parovima po dva se\u010diva, a izme\u0111u se\u010diva je razmak kako bi omogu\u0107ili obrijanim dlakama da lako ispadnu iz glave brija\u010da i da se \u010dvr\u0161\u0107e i ja\u010de dlake usprave kako bi ih bolje uhvatio naredni par se\u010diva. Dolazi do preciznijeg brijanja bez dodatne iritacije ko\u017ee.<\/li>\n<\/ul>\n<h3 style=\"text-align: center;\"><strong>Okretna glava brija\u010da<\/strong><\/h3>\n<ul style=\"text-align: center;\">\n<li style=\"text-align: left;\">Za lak\u0161e prilago\u0111avanje se\u010diva brija\u010da va\u0161oj konturi lica ili tela.<\/li>\n<\/ul>\n<h3 style=\"text-align: center;\"><strong>Patrona<\/strong><\/h3>\n<ul style=\"text-align: center;\">\n<li style=\"text-align: left;\">Sa otvorenom pozadinom za lak\u0161e ispiranje se\u010diva.<\/li>\n<\/ul>\n<h3 style=\"text-align: center;\"><strong>Jednim klikom<\/strong><\/h3>\n<ul style=\"text-align: center;\">\n<li style=\"text-align: left;\">Se menja glava brija\u010da ( patrona ).<\/li>\n<\/ul>\n<h3 style=\"text-align: center;\"><strong>Aloje\u00a0 vera i Vitamin E<\/strong><\/h3>\n<ul style=\"text-align: center;\">\n<li style=\"text-align: left;\">Na vrhu brija\u010da je traka sa slojem Aloje verom i vitaminom E.<\/li>\n<li style=\"text-align: left;\">Za lak\u0161e klizanje brija\u010da po ko\u017ei.<\/li>\n<li style=\"text-align: left;\">Smanjuje iritaciju ko\u017ee.<\/li>\n<\/ul>\n<h3 style=\"text-align: center;\"><strong>Ergonomski dizajn brija\u010da<\/strong><\/h3>\n<ul style=\"text-align: center;\">\n<li style=\"text-align: left;\">Ru\u010dka brija\u010da je ergonomski dizajnirana za ruku.<\/li>\n<li style=\"text-align: left;\">Lagana je, blago zakrivljena na sredini kako bi dodatno dala\/prenela pritiska va\u0161e \u0161ake na samu galvu brija\u010da<\/li>\n<\/ul>\n<h3 style=\"text-align: center;\"><strong>Gumena podloga<\/strong><\/h3>\n<ul>\n<li style=\"text-align: left;\">Donja strana ru\u010dke brija\u010da je oblo\u017eena finom crnom gumom.<\/li>\n<li style=\"text-align: left;\">Za sigurno dr\u017eanje u ruci.<\/li>\n<\/ul>\n","protected":false},"excerpt":{"rendered":"<p><strong>Sadr\u017eaj:<\/strong><\/p>\n<ol>\n<li>\n<h3><strong>x2 Balkan Shave \u017dilet Dopuna \/ svaki mesec ( nije obavezuju\u0107e )<\/strong><\/h3>\n<\/li>\n<\/ol>\n<p><strong>Porud\u017ebine mo\u017eete izvr\u0161iti i putem telefona: 064 5322 518\u00a0<\/strong><\/p>\n<p><strong>Radno vreme: Radnim danima i subotom od 10 do 20 \u010dasova.<\/strong><\/p>\n<p><strong>Uz \u010dlanarinu mo\u017eete da naru\u010dite BSC Starter birja\u010d po jeftinoj ceni!<\/strong><\/p>\n","protected":false},"featured_media":882,"template":"","meta":[],"product_cat":[46],"product_tag":[],"bundled_by":[],"bundle_stock_status":"instock","bundle_stock_quantity":"","bundle_virtual":false,"bundle_layout":"default","bundle_add_to_cart_form_location":"default","bundle_editable_in_cart":false,"bundle_sold_individually_context":"product","bundle_item_grouping":"parent","bundle_min_size":"","bundle_max_size":"","bundled_items":[{"bundled_item_id":1,"product_id":552,"menu_order":0,"quantity_min":1,"quantity_max":1,"quantity_default":1,"priced_individually":true,"shipped_individually":true,"override_title":false,"title":"","override_description":false,"description":"","optional":false,"hide_thumbnail":false,"discount":"","override_variations":false,"allowed_variations":[],"override_default_variation_attributes":false,"default_variation_attributes":[],"single_product_visibility":"hidden","cart_visibility":"hidden","order_visibility":"hidden","single_product_price_visibility":"visible","cart_price_visibility":"visible","order_price_visibility":"visible","stock_status":"in_stock"},{"bundled_item_id":7,"product_id":722,"menu_order":1,"quantity_min":1,"quantity_max":1,"quantity_default":1,"priced_individually":true,"shipped_individually":true,"override_title":false,"title":"","override_description":false,"description":"","optional":true,"hide_thumbnail":false,"discount":"","override_variations":false,"allowed_variations":[],"override_default_variation_attributes":false,"default_variation_attributes":[{"id":1,"name":"Izaberite pakovanje","option":"musko"}],"single_product_visibility":"visible","cart_visibility":"visible","order_visibility":"visible","single_product_price_visibility":"visible","cart_price_visibility":"visible","order_price_visibility":"visible","stock_status":"in_stock"}],"bundle_sell_ids":[],"_links":{"self":[{"href":"https:\/\/vicaleict.com\/balkanshave.rs\/wp-json\/wp\/v2\/product\/725"}],"collection":[{"href":"https:\/\/vicaleict.com\/balkanshave.rs\/wp-json\/wp\/v2\/product"}],"about":[{"href":"https:\/\/vicaleict.com\/balkanshave.rs\/wp-json\/wp\/v2\/types\/product"}],"wp:featuredmedia":[{"embeddable":true,"href":"https:\/\/vicaleict.com\/balkanshave.rs\/wp-json\/wp\/v2\/media\/882"}],"wp:attachment":[{"href":"https:\/\/vicaleict.com\/balkanshave.rs\/wp-json\/wp\/v2\/media?parent=725"}],"wp:term":[{"taxonomy":"product_cat","embeddable":true,"href":"https:\/\/vicaleict.com\/balkanshave.rs\/wp-json\/wp\/v2\/product_cat?post=725"},{"taxonomy":"product_tag","embeddable":true,"href":"https:\/\/vicaleict.com\/balkanshave.rs\/wp-json\/wp\/v2\/product_tag?post=725"}],"curies":[{"name":"wp","href":"https:\/\/api.w.org\/{rel}","templated":true}]}}