{"id":873,"date":"2022-01-19T18:14:18","date_gmt":"2022-01-19T17:14:18","guid":{"rendered":"https:\/\/balkanshaveclub.com\/?post_type=product&#038;p=873"},"modified":"2023-10-23T14:06:46","modified_gmt":"2023-10-23T13:06:46","slug":"starter-brijac","status":"publish","type":"product","link":"https:\/\/vicaleict.com\/balkanshave.rs\/product\/starter-brijac\/","title":{"rendered":"Starter Brija\u010d"},"content":{"rendered":"<h3 style=\"text-align: center;\"><strong>Sa neverovatnih \u0161est o\u0161trica<\/strong><\/h3>\n<ul style=\"text-align: center;\">\n<li style=\"text-align: left;\">\u0160est se\u010diva od &#8220;SANDVIK &#8221; \u0161vedskog ner\u0111aju\u0107eg \u010delika \u0107e vam omogu\u0107iti brijanje va\u0161eg lica i tela bez iritacije ko\u017ee.<\/li>\n<\/ul>\n<h3 style=\"text-align: center;\"><strong>Se\u010diva u paru<\/strong><\/h3>\n<ul style=\"text-align: center;\">\n<li style=\"text-align: left;\">Se\u010diva su postavljena u parovima po dva se\u010diva, a izme\u0111u se\u010diva je razmak kako bi omogu\u0107ili obrijanim dlakama da lako ispadnu iz glave brija\u010da i da se \u010dvr\u0161\u0107e i ja\u010de dlake usprave kako bi ih bolje uhvatio naredni par se\u010diva. Dolazi do preciznijeg brijanja bez dodatne iritacije ko\u017ee.<\/li>\n<\/ul>\n<h3 style=\"text-align: center;\"><strong>Okretna glava brija\u010da<\/strong><\/h3>\n<ul style=\"text-align: center;\">\n<li style=\"text-align: left;\">Za lak\u0161e prilago\u0111avanje se\u010diva brija\u010da va\u0161oj konturi lica ili tela.<\/li>\n<\/ul>\n<h3 style=\"text-align: center;\"><strong>Patrona<\/strong><\/h3>\n<ul style=\"text-align: center;\">\n<li style=\"text-align: left;\">Sa otvorenom pozadinom za lak\u0161e ispiranje se\u010diva.<\/li>\n<\/ul>\n<h3 style=\"text-align: center;\"><strong>Jednim klikom<\/strong><\/h3>\n<ul style=\"text-align: center;\">\n<li style=\"text-align: left;\">Se menja glava brija\u010da ( patrona ).<\/li>\n<\/ul>\n<h3 style=\"text-align: center;\"><strong>Aloje\u00a0 vera i Vitamin E<\/strong><\/h3>\n<ul style=\"text-align: center;\">\n<li style=\"text-align: left;\">Na vrhu brija\u010da je traka sa slojem Aloje verom i vitaminom E.<\/li>\n<li style=\"text-align: left;\">Za lak\u0161e klizanje brija\u010da po ko\u017ei.<\/li>\n<li style=\"text-align: left;\">Smanjuje iritaciju ko\u017ee.<\/li>\n<\/ul>\n<h3 style=\"text-align: center;\"><strong>Ergonomski dizajn brija\u010da<\/strong><\/h3>\n<ul style=\"text-align: center;\">\n<li style=\"text-align: left;\">Ru\u010dka brija\u010da je ergonomski dizajnirana za ruku.<\/li>\n<li style=\"text-align: left;\">Lagana je, blago zakrivljena na sredini kako bi dodatno dala\/prenela pritiska va\u0161e \u0161ake na samu galvu brija\u010da<\/li>\n<\/ul>\n<h3 style=\"text-align: center;\"><strong>Gumena podloga<\/strong><\/h3>\n<ul>\n<li style=\"text-align: left;\">Donja strana ru\u010dke brija\u010da je oblo\u017eena finom crnom gumom.<\/li>\n<li style=\"text-align: left;\">Za sigurno dr\u017eanje u ruci.<\/li>\n<\/ul>\n","protected":false},"excerpt":{"rendered":"<p><strong>Sadr\u017eaj:<\/strong><\/p>\n<ol>\n<li>\n<h3><strong>x1 Balkan Shave Ru\u010dka<\/strong><\/h3>\n<\/li>\n<li>\n<h3><strong>x1 Balkan Shave \u017dilet\/Patrona ( zamenjiva )<\/strong><\/h3>\n<\/li>\n<\/ol>\n<p><strong>Porud\u017ebine mo\u017eete izvr\u0161iti i putem telefona: 064 5322 518\u00a0<\/strong><\/p>\n<p><strong>Radno vreme: Radnim danima i subotom od 10 do 20 \u010dasova.<\/strong><\/p>\n<p>&nbsp;<\/p>\n","protected":false},"featured_media":1115,"template":"","meta":[],"product_cat":[48],"product_tag":[],"bundled_by":[],"bundle_stock_status":"instock","bundle_stock_quantity":null,"bundle_virtual":false,"bundle_layout":"","bundle_add_to_cart_form_location":"","bundle_editable_in_cart":false,"bundle_sold_individually_context":"","bundle_item_grouping":"","bundle_min_size":"","bundle_max_size":"","bundled_items":[],"bundle_sell_ids":[],"_links":{"self":[{"href":"https:\/\/vicaleict.com\/balkanshave.rs\/wp-json\/wp\/v2\/product\/873"}],"collection":[{"href":"https:\/\/vicaleict.com\/balkanshave.rs\/wp-json\/wp\/v2\/product"}],"about":[{"href":"https:\/\/vicaleict.com\/balkanshave.rs\/wp-json\/wp\/v2\/types\/product"}],"wp:featuredmedia":[{"embeddable":true,"href":"https:\/\/vicaleict.com\/balkanshave.rs\/wp-json\/wp\/v2\/media\/1115"}],"wp:attachment":[{"href":"https:\/\/vicaleict.com\/balkanshave.rs\/wp-json\/wp\/v2\/media?parent=873"}],"wp:term":[{"taxonomy":"product_cat","embeddable":true,"href":"https:\/\/vicaleict.com\/balkanshave.rs\/wp-json\/wp\/v2\/product_cat?post=873"},{"taxonomy":"product_tag","embeddable":true,"href":"https:\/\/vicaleict.com\/balkanshave.rs\/wp-json\/wp\/v2\/product_tag?post=873"}],"curies":[{"name":"wp","href":"https:\/\/api.w.org\/{rel}","templated":true}]}}